{"id":141,"date":"2021-09-01T15:42:56","date_gmt":"2021-09-01T13:42:56","guid":{"rendered":"https:\/\/arcana.drakoo.fr\/?page_id=141"},"modified":"2021-10-12T15:14:49","modified_gmt":"2021-10-12T13:14:49","slug":"horoscope-batons","status":"publish","type":"page","link":"https:\/\/arcazine.drakoo.fr\/index.php\/horoscope-batons\/","title":{"rendered":"Horoscope B\u00e2tons"},"content":{"rendered":"<p>[et_pb_section fb_built=\u00a0\u00bb1&Prime; _builder_version=\u00a0\u00bb4.10.7&Prime; _module_preset=\u00a0\u00bbdefault\u00a0\u00bb background_image=\u00a0\u00bbhttps:\/\/arcazine.drakoo.fr\/wp-content\/uploads\/2021\/09\/Scan-6.jpg\u00a0\u00bb parallax=\u00a0\u00bbon\u00a0\u00bb custom_padding=\u00a0\u00bb0px||0px||true|\u00a0\u00bb bottom_divider_style=\u00a0\u00bbclouds2&Prime; bottom_divider_color=\u00a0\u00bb#de3136&Prime; bottom_divider_height=\u00a0\u00bb142px\u00a0\u00bb locked=\u00a0\u00bboff\u00a0\u00bb global_colors_info=\u00a0\u00bb{}\u00a0\u00bb][et_pb_row column_structure=\u00a0\u00bb1_2,1_2&Prime; _builder_version=\u00a0\u00bb4.10.7&Prime; _module_preset=\u00a0\u00bbdefault\u00a0\u00bb max_width=\u00a0\u00bb2543px\u00a0\u00bb custom_padding=\u00a0\u00bb108px||191px|||\u00a0\u00bb global_colors_info=\u00a0\u00bb{}\u00a0\u00bb][et_pb_column type=\u00a0\u00bb1_2&Prime; _builder_version=\u00a0\u00bb4.10.7&Prime; _module_preset=\u00a0\u00bbdefault\u00a0\u00bb global_colors_info=\u00a0\u00bb{}\u00a0\u00bb][et_pb_image src=\u00a0\u00bbhttps:\/\/arcazine.drakoo.fr\/wp-content\/uploads\/2021\/09\/Horoscope-Baton.png\u00a0\u00bb title_text=\u00a0\u00bbHoroscope-Baton\u00a0\u00bb show_in_lightbox=\u00a0\u00bbon\u00a0\u00bb align=\u00a0\u00bbcenter\u00a0\u00bb _builder_version=\u00a0\u00bb4.10.7&Prime; _module_preset=\u00a0\u00bbdefault\u00a0\u00bb custom_padding=\u00a0\u00bb||0px|||\u00a0\u00bb hover_transition_duration=\u00a0\u00bb600ms\u00a0\u00bb scroll_rotating_enable=\u00a0\u00bbon\u00a0\u00bb scroll_rotating=\u00a0\u00bb0|50|50|100|0\u00b0|0|30\u00b0\u00a0\u00bb global_colors_info=\u00a0\u00bb{}\u00a0\u00bb][\/et_pb_image][\/et_pb_column][et_pb_column type=\u00a0\u00bb1_2&Prime; _builder_version=\u00a0\u00bb4.10.7&Prime; _module_preset=\u00a0\u00bbdefault\u00a0\u00bb global_colors_info=\u00a0\u00bb{}\u00a0\u00bb][et_pb_text _builder_version=\u00a0\u00bb4.10.7&Prime; _module_preset=\u00a0\u00bbdefault\u00a0\u00bb header_3_font=\u00a0\u00bbHandlee||||||||\u00a0\u00bb header_3_text_color=\u00a0\u00bb#DE3136&Prime; header_3_font_size=\u00a0\u00bb21px\u00a0\u00bb header_3_line_height=\u00a0\u00bb1.6em\u00a0\u00bb background_color=\u00a0\u00bb#FFFFFF\u00a0\u00bb width=\u00a0\u00bb90%\u00a0\u00bb module_alignment=\u00a0\u00bbcenter\u00a0\u00bb custom_margin=\u00a0\u00bb164px|||||\u00a0\u00bb custom_margin_tablet=\u00a0\u00bb0px||||false|false\u00a0\u00bb custom_margin_phone=\u00a0\u00bb0px||||false|false\u00a0\u00bb custom_margin_last_edited=\u00a0\u00bbon|tablet\u00a0\u00bb custom_padding=\u00a0\u00bb27px||27px||true|false\u00a0\u00bb border_radii=\u00a0\u00bbon|50px|50px|50px|50px\u00a0\u00bb global_colors_info=\u00a0\u00bb{}\u00a0\u00bb]<\/p>\n<h3 style=\"text-align: center;\"><span style=\"font-size: x-large;\"><strong>L\u2019\u00eele de B\u00e2tons a vingt-quatre saisons<br \/>et vingt-quatre signes astrologiques.\u00a0<\/strong><\/span><\/h3>\n<h3 style=\"text-align: center;\">Pour trouver son signe et sa pierre :<br \/>D\u00e9cembre : du 1\/12 au 14\/12 = Poisson, Lapis-Lazuli<br \/>du 15\/12 au 31\/12 = Baleine, Aigue-Marine<br \/>Janvier : du 1\/01 au 14\/01 = Ours, Tourmaline noire<br \/>du 15\/01 au 31\/01 = Corneille, Cristal de Roche&#8230;<br \/>Pour Camille : le 15\/06 = Grenouille, Chalcopyrite<\/h3>\n<p>[\/et_pb_text][et_pb_button button_url=\u00a0\u00bb#horosbatons\u00a0\u00bb button_text=\u00a0\u00bbD\u00e9couvrez la signification de votre signe ci-dessous\u00a0\u00bb button_alignment=\u00a0\u00bbcenter\u00a0\u00bb _builder_version=\u00a0\u00bb4.10.7&Prime; _module_preset=\u00a0\u00bbdefault\u00a0\u00bb custom_button=\u00a0\u00bbon\u00a0\u00bb button_text_size=\u00a0\u00bb22px\u00a0\u00bb button_text_color=\u00a0\u00bb#FFFFFF\u00a0\u00bb button_bg_color=\u00a0\u00bb#de3136&Prime; button_border_width=\u00a0\u00bb0px\u00a0\u00bb button_border_radius=\u00a0\u00bb55px\u00a0\u00bb button_letter_spacing=\u00a0\u00bb1px\u00a0\u00bb button_font=\u00a0\u00bbRoboto|300|||||||\u00a0\u00bb button_icon=\u00a0\u00bb%%20%%\u00a0\u00bb locked=\u00a0\u00bboff\u00a0\u00bb global_colors_info=\u00a0\u00bb{}\u00a0\u00bb][\/et_pb_button][\/et_pb_column][\/et_pb_row][\/et_pb_section][et_pb_section fb_built=\u00a0\u00bb1&Prime; next_background_color=\u00a0\u00bb#ffffff\u00a0\u00bb _builder_version=\u00a0\u00bb4.10.7&Prime; _module_preset=\u00a0\u00bbdefault\u00a0\u00bb background_color=\u00a0\u00bb#de3136&Prime; background_enable_image=\u00a0\u00bboff\u00a0\u00bb custom_margin=\u00a0\u00bb-18px|||||\u00a0\u00bb custom_padding=\u00a0\u00bb0px||123px|||\u00a0\u00bb top_divider_height=\u00a0\u00bb46px\u00a0\u00bb bottom_divider_style=\u00a0\u00bbclouds\u00a0\u00bb bottom_divider_height=\u00a0\u00bb139px\u00a0\u00bb global_colors_info=\u00a0\u00bb{}\u00a0\u00bb][et_pb_row column_structure=\u00a0\u00bb1_2,1_2&Prime; use_custom_gutter=\u00a0\u00bbon\u00a0\u00bb gutter_width=\u00a0\u00bb1&Prime; module_id=\u00a0\u00bbhorosbatons\u00a0\u00bb _builder_version=\u00a0\u00bb4.10.7&Prime; _module_preset=\u00a0\u00bbdefault\u00a0\u00bb background_color=\u00a0\u00bbRGBA(0,0,0,0)\u00a0\u00bb width_tablet=\u00a0\u00bb90%\u00a0\u00bb width_phone=\u00a0\u00bb90%\u00a0\u00bb width_last_edited=\u00a0\u00bbon|tablet\u00a0\u00bb custom_margin=\u00a0\u00bb16px|auto||auto||\u00a0\u00bb border_radii=\u00a0\u00bboff|||40px|40px\u00a0\u00bb global_colors_info=\u00a0\u00bb{}\u00a0\u00bb][et_pb_column type=\u00a0\u00bb1_2&Prime; _builder_version=\u00a0\u00bb4.10.6&Prime; _module_preset=\u00a0\u00bbdefault\u00a0\u00bb global_colors_info=\u00a0\u00bb{}\u00a0\u00bb][et_pb_text _builder_version=\u00a0\u00bb4.10.7&Prime; _module_preset=\u00a0\u00bbdefault\u00a0\u00bb header_font=\u00a0\u00bbHandlee||||||||\u00a0\u00bb header_text_align=\u00a0\u00bbcenter\u00a0\u00bb header_text_color=\u00a0\u00bb#000000&Prime; header_3_font=\u00a0\u00bbHandlee||||||||\u00a0\u00bb header_3_text_color=\u00a0\u00bb#FFFFFF\u00a0\u00bb header_3_line_height=\u00a0\u00bb1.4em\u00a0\u00bb background_color=\u00a0\u00bbRGBA(0,0,0,0)\u00a0\u00bb width_tablet=\u00a0\u00bb\u00a0\u00bb width_phone=\u00a0\u00bb95%\u00a0\u00bb width_last_edited=\u00a0\u00bbon|phone\u00a0\u00bb module_alignment=\u00a0\u00bbcenter\u00a0\u00bb custom_padding=\u00a0\u00bb20px|10px|10px|85px|false|false\u00a0\u00bb custom_padding_tablet=\u00a0\u00bb\u00a0\u00bb custom_padding_phone=\u00a0\u00bb20px|10px|10px|0px|false|false\u00a0\u00bb custom_padding_last_edited=\u00a0\u00bbon|tablet\u00a0\u00bb border_radii=\u00a0\u00bbon|14px|14px|14px|14px\u00a0\u00bb global_colors_info=\u00a0\u00bb{}\u00a0\u00bb]<\/p>\n<h3><strong>POISSON :<\/strong> Les natives en Poisson<br \/>sont connect\u00e9es \u00e0 leurs intuitions.<\/h3>\n<p>&nbsp;<\/p>\n<h3><strong>BALEINE :<\/strong> Les natives en Baleine sont des \u00e2mes anciennes qui parviennent \u00e0 \u00eatre en paix avec elles-m\u00eames.<\/h3>\n<p>&nbsp;<\/p>\n<h3><strong>OURS :<\/strong> les natives en Ours sont protectrices avec les leurs.<\/h3>\n<p>&nbsp;<\/p>\n<h3><strong>CORNEILLE :<\/strong> les natives en Corneille ont des facilit\u00e9s \u00e0 faire na\u00eetre la magie en chaque chose.<\/h3>\n<p>&nbsp;<\/p>\n<h3><strong>CERF :<\/strong> les natives en Cerf sont ouvertes d\u2019esprit et connect\u00e9es \u00e0 la terre.<\/h3>\n<p>&nbsp;<\/p>\n<h3><strong>SCARAB\u00c9E :<\/strong> les natives en Scarab\u00e9e adorent apprendre et partager leurs d\u00e9couvertes.<\/h3>\n<p>&nbsp;<\/p>\n<h3><strong>MOUSTiQUE :<\/strong> les natives en Moustique savent prendre soin d\u2019elles-m\u00eames.<\/h3>\n<p>&nbsp;<\/p>\n<h3><strong>SERPENT :<\/strong> les natives en Serpent savent se renouveler sans cesse dans le calme et la cr\u00e9ativit\u00e9.<\/h3>\n<p>&nbsp;<\/p>\n<h3><strong>CHAUVE-SOURIS :<\/strong> les natives en Chauve-souris ne se perdront pas, tant qu\u2019elles feront<br \/>confiance \u00e0 leur intuition.<\/h3>\n<p>&nbsp;<\/p>\n<h3><strong>FAUCON :<\/strong> les natives en Faucon ont l\u2019esprit vif et prennent des d\u00e9cisions justes et \u00e9quitables.<\/h3>\n<p>&nbsp;<\/p>\n<h3><strong>RENARD :<\/strong> les natives en Renard sont curieuses de toutes choses et de toutes personnes.<\/h3>\n<p>&nbsp;<\/p>\n<h3><strong>ARAIGN\u00c9E :<\/strong> les natives en Araign\u00e9e sont les plus cr\u00e9atives, capables d\u2019imaginer \u00e0 partir de rien.<\/h3>\n<p>[\/et_pb_text][\/et_pb_column][et_pb_column type=\u00a0\u00bb1_2&Prime; _builder_version=\u00a0\u00bb4.10.6&Prime; _module_preset=\u00a0\u00bbdefault\u00a0\u00bb global_colors_info=\u00a0\u00bb{}\u00a0\u00bb][et_pb_text _builder_version=\u00a0\u00bb4.10.7&Prime; _module_preset=\u00a0\u00bbdefault\u00a0\u00bb header_font=\u00a0\u00bbHandlee||||||||\u00a0\u00bb header_text_align=\u00a0\u00bbcenter\u00a0\u00bb header_text_color=\u00a0\u00bb#000000&Prime; header_3_font=\u00a0\u00bbHandlee||||||||\u00a0\u00bb header_3_text_color=\u00a0\u00bb#FFFFFF\u00a0\u00bb header_3_line_height=\u00a0\u00bb1.4em\u00a0\u00bb background_color=\u00a0\u00bbRGBA(0,0,0,0)\u00a0\u00bb width_tablet=\u00a0\u00bb\u00a0\u00bb width_phone=\u00a0\u00bb95%\u00a0\u00bb width_last_edited=\u00a0\u00bbon|phone\u00a0\u00bb module_alignment=\u00a0\u00bbcenter\u00a0\u00bb custom_padding=\u00a0\u00bb20px|10px|10px|85px|false|false\u00a0\u00bb custom_padding_tablet=\u00a0\u00bb\u00a0\u00bb custom_padding_phone=\u00a0\u00bb20px|10px|10px|0px|false|false\u00a0\u00bb custom_padding_last_edited=\u00a0\u00bbon|tablet\u00a0\u00bb border_radii=\u00a0\u00bbon|14px|14px|14px|14px\u00a0\u00bb global_colors_info=\u00a0\u00bb{}\u00a0\u00bb]<\/p>\n<h3><strong>LOUTRE :<\/strong> Les natives en Loutre sont originales et \u00e9voluent dans la vie avec beaucoup de joie.<\/h3>\n<p>&nbsp;<\/p>\n<h3><strong>GRENOUILLE :<\/strong> Les natives en Grenouille utilisent le miroir de leurs \u00e2mes pour \u00e9voluer et gu\u00e9rir.<\/h3>\n<p>&nbsp;<\/p>\n<h3><strong>CHAT :<\/strong> les natives en Chat sont plus d\u00e9termin\u00e9es que jamais pour r\u00e9ussir tous les points de leur vie.<\/h3>\n<p>&nbsp;<\/p>\n<h3><strong>DRAGON :<\/strong> les natives en Dragon ont le don d\u2019arriver \u00e0 rester libres et ind\u00e9pendantes.<\/h3>\n<p>&nbsp;<\/p>\n<h3><strong>SALAMANDRE :<\/strong> les natives en Salamandre ont des \u00e2mes de feu parvenant \u00e0 trouver l\u2019\u00e9tincelle divine.<\/h3>\n<p>&nbsp;<\/p>\n<h3><strong>PH\u00c9NIX :<\/strong> les natives en Ph\u00e9nix ont la facult\u00e9 de pouvoir se relever de tout.<\/h3>\n<p>&nbsp;<\/p>\n<h3><strong>TRITON :<\/strong> les natives en Triton ont des facilit\u00e9s pour pr\u00e9dire le temps et les \u00e9v\u00e9nements \u00e0 courte distance.<\/h3>\n<p>&nbsp;<\/p>\n<h3><strong>TAUREAU :<\/strong> les natives en Taureau sont reli\u00e9es \u00e0 la terre et poss\u00e8dent beaucoup de force et de pl\u00e9nitude.<\/h3>\n<p>&nbsp;<\/p>\n<h3><strong>CHIM\u00c8RE :<\/strong> les natives en Chim\u00e8re sont dou\u00e9es pour \u00eatre multit\u00e2ches et avoir de nombreuses facettes.<\/h3>\n<p>&nbsp;<\/p>\n<h3><strong>ARBRE :<\/strong> les natives en Arbre sont empreintes de grande sagesse et peuvent faire preuve de beaucoup de patience.<\/h3>\n<p>&nbsp;<\/p>\n<h3><strong>CHOUETTE :<\/strong> les natives en Chouette ont des dons de clairvoyance leur permettant de ne jamais \u00eatre prises au d\u00e9pourvu.<\/h3>\n<p>&nbsp;<\/p>\n<h3><strong>LOUP :<\/strong> les natives en Loup sont des meneuses qui n\u2019ont pas froid aux yeux.<\/h3>\n<p>[\/et_pb_text][\/et_pb_column][\/et_pb_row][\/et_pb_section]<\/p>\n","protected":false},"excerpt":{"rendered":"<p>L\u2019\u00eele de B\u00e2tons a vingt-quatre saisonset vingt-quatre signes astrologiques.\u00a0 Pour trouver son signe et sa pierre :D\u00e9cembre : du 1\/12 au 14\/12 = Poisson, Lapis-Lazulidu 15\/12 au 31\/12 = Baleine, Aigue-MarineJanvier : du 1\/01 au 14\/01 = Ours, Tourmaline noiredu 15\/01 au 31\/01 = Corneille, Cristal de Roche&#8230;Pour Camille : le 15\/06 = Grenouille, ChalcopyritePOISSON [&hellip;]<\/p>\n","protected":false},"author":1,"featured_media":0,"parent":0,"menu_order":0,"comment_status":"closed","ping_status":"closed","template":"","meta":{"_et_pb_use_builder":"on","_et_pb_old_content":"","_et_gb_content_width":"","footnotes":""},"class_list":["post-141","page","type-page","status-publish","hentry"],"_links":{"self":[{"href":"https:\/\/arcazine.drakoo.fr\/index.php\/wp-json\/wp\/v2\/pages\/141","targetHints":{"allow":["GET"]}}],"collection":[{"href":"https:\/\/arcazine.drakoo.fr\/index.php\/wp-json\/wp\/v2\/pages"}],"about":[{"href":"https:\/\/arcazine.drakoo.fr\/index.php\/wp-json\/wp\/v2\/types\/page"}],"author":[{"embeddable":true,"href":"https:\/\/arcazine.drakoo.fr\/index.php\/wp-json\/wp\/v2\/users\/1"}],"replies":[{"embeddable":true,"href":"https:\/\/arcazine.drakoo.fr\/index.php\/wp-json\/wp\/v2\/comments?post=141"}],"version-history":[{"count":39,"href":"https:\/\/arcazine.drakoo.fr\/index.php\/wp-json\/wp\/v2\/pages\/141\/revisions"}],"predecessor-version":[{"id":2032,"href":"https:\/\/arcazine.drakoo.fr\/index.php\/wp-json\/wp\/v2\/pages\/141\/revisions\/2032"}],"wp:attachment":[{"href":"https:\/\/arcazine.drakoo.fr\/index.php\/wp-json\/wp\/v2\/media?parent=141"}],"curies":[{"name":"wp","href":"https:\/\/api.w.org\/{rel}","templated":true}]}}