{"id":147,"date":"2021-09-01T15:44:05","date_gmt":"2021-09-01T13:44:05","guid":{"rendered":"https:\/\/arcana.drakoo.fr\/?page_id=147"},"modified":"2021-10-12T15:10:25","modified_gmt":"2021-10-12T13:10:25","slug":"horoscope-coupes","status":"publish","type":"page","link":"https:\/\/arcazine.drakoo.fr\/index.php\/horoscope-coupes\/","title":{"rendered":"Horoscope Coupes"},"content":{"rendered":"<p>[et_pb_section fb_built=\u00a0\u00bb1&Prime; _builder_version=\u00a0\u00bb4.10.7&Prime; _module_preset=\u00a0\u00bbdefault\u00a0\u00bb background_image=\u00a0\u00bbhttps:\/\/arcazine.drakoo.fr\/wp-content\/uploads\/2021\/09\/Scan-48.jpg\u00a0\u00bb parallax=\u00a0\u00bbon\u00a0\u00bb custom_padding=\u00a0\u00bb0px||0px||true|\u00a0\u00bb bottom_divider_style=\u00a0\u00bbclouds2&Prime; bottom_divider_color=\u00a0\u00bb#2d759a\u00a0\u00bb bottom_divider_height=\u00a0\u00bb142px\u00a0\u00bb locked=\u00a0\u00bboff\u00a0\u00bb global_colors_info=\u00a0\u00bb{}\u00a0\u00bb][et_pb_row column_structure=\u00a0\u00bb1_2,1_2&Prime; _builder_version=\u00a0\u00bb4.10.7&Prime; _module_preset=\u00a0\u00bbdefault\u00a0\u00bb max_width=\u00a0\u00bb2543px\u00a0\u00bb custom_padding=\u00a0\u00bb108px||191px|||\u00a0\u00bb global_colors_info=\u00a0\u00bb{}\u00a0\u00bb][et_pb_column type=\u00a0\u00bb1_2&Prime; _builder_version=\u00a0\u00bb4.10.7&Prime; _module_preset=\u00a0\u00bbdefault\u00a0\u00bb global_colors_info=\u00a0\u00bb{}\u00a0\u00bb][et_pb_image src=\u00a0\u00bbhttps:\/\/arcazine.drakoo.fr\/wp-content\/uploads\/2021\/09\/Horoscope-Coupes.png\u00a0\u00bb title_text=\u00a0\u00bbHoroscope-Coupes\u00a0\u00bb show_in_lightbox=\u00a0\u00bbon\u00a0\u00bb align=\u00a0\u00bbcenter\u00a0\u00bb _builder_version=\u00a0\u00bb4.10.7&Prime; _module_preset=\u00a0\u00bbdefault\u00a0\u00bb custom_padding=\u00a0\u00bb||0px|||\u00a0\u00bb hover_transition_duration=\u00a0\u00bb600ms\u00a0\u00bb scroll_rotating_enable=\u00a0\u00bbon\u00a0\u00bb scroll_rotating=\u00a0\u00bb0|50|50|100|0\u00b0|0|30\u00b0\u00a0\u00bb global_colors_info=\u00a0\u00bb{}\u00a0\u00bb][\/et_pb_image][\/et_pb_column][et_pb_column type=\u00a0\u00bb1_2&Prime; _builder_version=\u00a0\u00bb4.10.7&Prime; _module_preset=\u00a0\u00bbdefault\u00a0\u00bb global_colors_info=\u00a0\u00bb{}\u00a0\u00bb][et_pb_text _builder_version=\u00a0\u00bb4.10.7&Prime; _module_preset=\u00a0\u00bbdefault\u00a0\u00bb header_3_font=\u00a0\u00bbHandlee||||||||\u00a0\u00bb header_3_font_size=\u00a0\u00bb21px\u00a0\u00bb header_3_line_height=\u00a0\u00bb1.6em\u00a0\u00bb background_color=\u00a0\u00bb#FFFFFF\u00a0\u00bb width=\u00a0\u00bb100%\u00a0\u00bb module_alignment=\u00a0\u00bbcenter\u00a0\u00bb custom_margin=\u00a0\u00bb150px||50px||false|false\u00a0\u00bb custom_margin_tablet=\u00a0\u00bb172px||51px||false|false\u00a0\u00bb custom_margin_phone=\u00a0\u00bb0px||||false|false\u00a0\u00bb custom_margin_last_edited=\u00a0\u00bbon|desktop\u00a0\u00bb custom_padding=\u00a0\u00bb27px||27px||true|false\u00a0\u00bb border_radii=\u00a0\u00bbon|50px|50px|50px|50px\u00a0\u00bb global_colors_info=\u00a0\u00bb{}\u00a0\u00bb]<\/p>\n<h3 style=\"text-align: center;\"><span style=\"font-size: x-large; color: #2d3a79;\"><strong>L\u2019\u00eele de Coupes compte quatre saisons.<br \/>Les signes astrologiques sont attribu\u00e9s<br \/>selon les ann\u00e9es de naissance.<\/strong><\/span><\/h3>\n<h3 style=\"text-align: center;\"><span style=\"color: #2d3a79;\">&#8230; 1999 = 11 Laque<\/span><br \/><span style=\"color: #2d3a79;\">2000 = 12 C\u00e9leste<\/span><br \/><span style=\"color: #2d3a79;\">2001 = 1 Marine<\/span><br \/><span style=\"color: #2d3a79;\">2002 = 2 Indigo&#8230;<\/span><br \/><span style=\"color: #2d3a79;\">Camille est n\u00e9e en 2008 = 8 Turquoise<\/span><\/h3>\n<p>[\/et_pb_text][et_pb_button button_url=\u00a0\u00bb#horoscoupes\u00a0\u00bb button_text=\u00a0\u00bbD\u00e9couvrez la signification de votre signe ci-dessous\u00a0\u00bb button_alignment=\u00a0\u00bbcenter\u00a0\u00bb _builder_version=\u00a0\u00bb4.10.7&Prime; _module_preset=\u00a0\u00bbdefault\u00a0\u00bb custom_button=\u00a0\u00bbon\u00a0\u00bb button_text_size=\u00a0\u00bb22px\u00a0\u00bb button_text_color=\u00a0\u00bb#FFFFFF\u00a0\u00bb button_bg_color=\u00a0\u00bb#2d3a79&Prime; button_border_width=\u00a0\u00bb0px\u00a0\u00bb button_border_radius=\u00a0\u00bb55px\u00a0\u00bb button_letter_spacing=\u00a0\u00bb1px\u00a0\u00bb button_font=\u00a0\u00bbRoboto|300|||||||\u00a0\u00bb button_icon=\u00a0\u00bb%%20%%\u00a0\u00bb locked=\u00a0\u00bboff\u00a0\u00bb global_colors_info=\u00a0\u00bb{}\u00a0\u00bb][\/et_pb_button][\/et_pb_column][\/et_pb_row][\/et_pb_section][et_pb_section fb_built=\u00a0\u00bb1&Prime; next_background_color=\u00a0\u00bb#ffffff\u00a0\u00bb _builder_version=\u00a0\u00bb4.10.7&Prime; _module_preset=\u00a0\u00bbdefault\u00a0\u00bb background_color=\u00a0\u00bb#2d759a\u00a0\u00bb background_enable_image=\u00a0\u00bboff\u00a0\u00bb custom_margin=\u00a0\u00bb-9px|||||\u00a0\u00bb custom_padding=\u00a0\u00bb||91px|||\u00a0\u00bb bottom_divider_style=\u00a0\u00bbclouds\u00a0\u00bb bottom_divider_height=\u00a0\u00bb142px\u00a0\u00bb locked=\u00a0\u00bboff\u00a0\u00bb global_colors_info=\u00a0\u00bb{}\u00a0\u00bb][et_pb_row column_structure=\u00a0\u00bb1_2,1_2&Prime; use_custom_gutter=\u00a0\u00bbon\u00a0\u00bb gutter_width=\u00a0\u00bb1&Prime; custom_padding_last_edited=\u00a0\u00bbon|phone\u00a0\u00bb module_id=\u00a0\u00bbhoroscoupes\u00a0\u00bb _builder_version=\u00a0\u00bb4.10.7&Prime; _module_preset=\u00a0\u00bbdefault\u00a0\u00bb background_enable_color=\u00a0\u00bboff\u00a0\u00bb custom_padding=\u00a0\u00bb72px|||||\u00a0\u00bb custom_padding_tablet=\u00a0\u00bb0px||||false|false\u00a0\u00bb custom_padding_phone=\u00a0\u00bb0px||||false|false\u00a0\u00bb scroll_scaling_enable=\u00a0\u00bbon\u00a0\u00bb scroll_scaling=\u00a0\u00bb0|50|50|100|85%|100|100&Prime; border_radii=\u00a0\u00bboff|||40px|40px\u00a0\u00bb locked=\u00a0\u00bboff\u00a0\u00bb global_colors_info=\u00a0\u00bb{}\u00a0\u00bb][et_pb_column type=\u00a0\u00bb1_2&Prime; _builder_version=\u00a0\u00bb4.10.6&Prime; _module_preset=\u00a0\u00bbdefault\u00a0\u00bb global_colors_info=\u00a0\u00bb{}\u00a0\u00bb][et_pb_text _builder_version=\u00a0\u00bb4.10.7&Prime; _module_preset=\u00a0\u00bbdefault\u00a0\u00bb header_font=\u00a0\u00bbHandlee||||||||\u00a0\u00bb header_text_align=\u00a0\u00bbcenter\u00a0\u00bb header_text_color=\u00a0\u00bb#000000&Prime; header_3_font=\u00a0\u00bbHandlee||||||||\u00a0\u00bb header_3_line_height=\u00a0\u00bb1.4em\u00a0\u00bb background_color=\u00a0\u00bbRGBA(0,0,0,0)\u00a0\u00bb width=\u00a0\u00bb65%\u00a0\u00bb width_tablet=\u00a0\u00bb100%\u00a0\u00bb width_phone=\u00a0\u00bb100%\u00a0\u00bb width_last_edited=\u00a0\u00bbon|tablet\u00a0\u00bb module_alignment=\u00a0\u00bbcenter\u00a0\u00bb custom_padding=\u00a0\u00bb||57px|||\u00a0\u00bb border_radii=\u00a0\u00bbon|14px|14px|14px|14px\u00a0\u00bb global_colors_info=\u00a0\u00bb{}\u00a0\u00bb]<\/p>\n<h3><span style=\"color: #ffffff;\"><strong>MARINE :<\/strong> les natives Marine aiment l\u2019eau et exprimer leurs sentiments. Ces \u00e2mes de po\u00e9tesses circulent joyeusement dans la vie comme des poissons dans l\u2019eau.<\/span><\/h3>\n<h3><span style=\"color: #ffffff;\"> <\/span><br \/><span style=\"color: #ffffff;\"><strong>INDIGO :<\/strong> les natives Indigo peuvent para\u00eetre un peu brutes de d\u00e9coffrage, mais ce n\u2019est qu\u2019un masque de protection. Quand elles accordent leur confiance, leurs richesses se d\u00e9voilent.<\/span><\/h3>\n<h3><span style=\"color: #ffffff;\"> <\/span><br \/><span style=\"color: #ffffff;\"><strong>OUTREMER :<\/strong> les natives Outremer aiment sonder les profondeurs de leurs \u00e2mes. Tr\u00e8s port\u00e9es sur l\u2019introspection, elles n\u2019ont pas peur de plonger dans les ombres pour rejaillir dans la lumi\u00e8re.<\/span><\/h3>\n<h3><span style=\"color: #ffffff;\"> <\/span><br \/><span style=\"color: #ffffff;\"><strong>C\u00c9RUL\u00c9UM :<\/strong> les natives C\u00e9rul\u00e9um sont sensibles et ont le c\u0153ur sur la main. Ce sont souvent des artistes discr\u00e8tes, mais pleines de talent.<\/span><\/h3>\n<h3><span style=\"color: #ffffff;\"> <\/span><br \/><span style=\"color: #ffffff;\"><strong>PRIMAIRE :<\/strong> les natives Primaire sont franches et ne font pas de chichis. Ce qui ne les emp\u00eache pas d\u2019\u00eatre pr\u00e9venantes et de r\u00e9fl\u00e9chir avant d\u2019agir.<\/span><\/h3>\n<p><span style=\"color: #ffffff;\"><\/span><\/p>\n<p><span style=\"color: #ffffff;\"><\/span><\/p>\n<p><span style=\"color: #ffffff;\"><\/span><\/p>\n<h3><span style=\"color: #ffffff;\"><strong>ROI :<\/strong> les natives Roi sont entreprenantes et s\u00fbres d\u2019elles. Elles mettent toute leur \u00e9nergie pour r\u00e9ussir leurs projets qu\u2019elles imaginent avec le c\u0153ur.<\/span><span style=\"color: #ffffff;\"><\/span><\/h3>\n<p>[\/et_pb_text][\/et_pb_column][et_pb_column type=\u00a0\u00bb1_2&Prime; _builder_version=\u00a0\u00bb4.10.6&Prime; _module_preset=\u00a0\u00bbdefault\u00a0\u00bb global_colors_info=\u00a0\u00bb{}\u00a0\u00bb][et_pb_text _builder_version=\u00a0\u00bb4.10.7&Prime; _module_preset=\u00a0\u00bbdefault\u00a0\u00bb header_font=\u00a0\u00bbHandlee||||||||\u00a0\u00bb header_text_align=\u00a0\u00bbcenter\u00a0\u00bb header_text_color=\u00a0\u00bb#000000&Prime; header_3_font=\u00a0\u00bbHandlee||||||||\u00a0\u00bb header_3_line_height=\u00a0\u00bb1.4em\u00a0\u00bb background_color=\u00a0\u00bbRGBA(0,0,0,0)\u00a0\u00bb width=\u00a0\u00bb65%\u00a0\u00bb width_tablet=\u00a0\u00bb100%\u00a0\u00bb width_phone=\u00a0\u00bb100%\u00a0\u00bb width_last_edited=\u00a0\u00bbon|tablet\u00a0\u00bb module_alignment=\u00a0\u00bbcenter\u00a0\u00bb custom_padding=\u00a0\u00bb||57px|||\u00a0\u00bb border_radii=\u00a0\u00bbon|14px|14px|14px|14px\u00a0\u00bb global_colors_info=\u00a0\u00bb{}\u00a0\u00bb]<\/p>\n<h3><span style=\"color: #ffffff;\"><strong>PASTEL :<\/strong> les natives Pastel sont tout en nuances. Douces et gentilles, elles sont l\u2019\u00e9paule sur laquelle on aime \u00eatre r\u00e9confort\u00e9.<\/span><\/h3>\n<h3><span style=\"color: #ffffff;\"> <\/span><br \/><span style=\"color: #ffffff;\"><strong>TURQUOISE :<\/strong> les natives Turquoise sont maternelles et rassurantes. Elles voient le verre \u00e0 moiti\u00e9 plein et transforment le n\u00e9gatif en le\u00e7on positive.<\/span><\/h3>\n<h3><span style=\"color: #ffffff;\"> <\/span><br \/><span style=\"color: #ffffff;\"><strong>AZUR :<\/strong> les natives Azur sont g\u00e9n\u00e9ralement tr\u00e8s s\u00fbres d\u2019elles. Peu patientes, elles ont tendance \u00e0 vouloir avancer trop vite.<\/span><\/h3>\n<h3><span style=\"color: #ffffff;\"> <\/span><br \/><span style=\"color: #ffffff;\"><strong>COBALT :<\/strong> les natives Cobalt sont tr\u00e8s proches de la terre. Elles aiment travailler avec les \u00e9l\u00e9ments et exercer des m\u00e9tiers manuels.<\/span><\/h3>\n<h3><span style=\"color: #ffffff;\"> <\/span><br \/><span style=\"color: #ffffff;\"><strong>LAQUE :<\/strong> les natives Laque sont fiables et brillantes. Tr\u00e8s intelligentes, elles mettent leurs dons au service des autres.<\/span><\/h3>\n<h3><span style=\"color: #ffffff;\"> <\/span><br \/><span style=\"color: #ffffff;\"><strong>C\u00c9LESTE :<\/strong> les natives C\u00e9leste sont connect\u00e9es aux \u00e9nergies fines et aux autres mondes. Elles ont souvent l\u2019air d\u2019avoir la t\u00eate ailleurs, mais c\u2019est justement parce qu\u2019elles l\u2019ont.<\/span><\/h3>\n<p>[\/et_pb_text][\/et_pb_column][\/et_pb_row][\/et_pb_section]<\/p>\n","protected":false},"excerpt":{"rendered":"<p>L\u2019\u00eele de Coupes compte quatre saisons.Les signes astrologiques sont attribu\u00e9sselon les ann\u00e9es de naissance. &#8230; 1999 = 11 Laque2000 = 12 C\u00e9leste2001 = 1 Marine2002 = 2 Indigo&#8230;Camille est n\u00e9e en 2008 = 8 TurquoiseMARINE : les natives Marine aiment l\u2019eau et exprimer leurs sentiments. Ces \u00e2mes de po\u00e9tesses circulent joyeusement dans la vie comme [&hellip;]<\/p>\n","protected":false},"author":1,"featured_media":0,"parent":0,"menu_order":0,"comment_status":"closed","ping_status":"closed","template":"","meta":{"_et_pb_use_builder":"on","_et_pb_old_content":"","_et_gb_content_width":"","footnotes":""},"class_list":["post-147","page","type-page","status-publish","hentry"],"_links":{"self":[{"href":"https:\/\/arcazine.drakoo.fr\/index.php\/wp-json\/wp\/v2\/pages\/147","targetHints":{"allow":["GET"]}}],"collection":[{"href":"https:\/\/arcazine.drakoo.fr\/index.php\/wp-json\/wp\/v2\/pages"}],"about":[{"href":"https:\/\/arcazine.drakoo.fr\/index.php\/wp-json\/wp\/v2\/types\/page"}],"author":[{"embeddable":true,"href":"https:\/\/arcazine.drakoo.fr\/index.php\/wp-json\/wp\/v2\/users\/1"}],"replies":[{"embeddable":true,"href":"https:\/\/arcazine.drakoo.fr\/index.php\/wp-json\/wp\/v2\/comments?post=147"}],"version-history":[{"count":26,"href":"https:\/\/arcazine.drakoo.fr\/index.php\/wp-json\/wp\/v2\/pages\/147\/revisions"}],"predecessor-version":[{"id":2028,"href":"https:\/\/arcazine.drakoo.fr\/index.php\/wp-json\/wp\/v2\/pages\/147\/revisions\/2028"}],"wp:attachment":[{"href":"https:\/\/arcazine.drakoo.fr\/index.php\/wp-json\/wp\/v2\/media?parent=147"}],"curies":[{"name":"wp","href":"https:\/\/api.w.org\/{rel}","templated":true}]}}